{"id":14,"date":"2024-02-25T13:07:40","date_gmt":"2024-02-25T13:07:40","guid":{"rendered":"https:\/\/wordpress-dn2yt-u10822.vm.elestio.app\/?page_id=14"},"modified":"2024-02-25T15:36:28","modified_gmt":"2024-02-25T14:36:28","slug":"jobs-2","status":"publish","type":"page","link":"https:\/\/jobs.bimtobap.com\/pl\/","title":{"rendered":"Dost\u0119pne stanowiska"},"content":{"rendered":"<div class=\"sjb-page\">\r\n<!-- Start: Jobs Listing Wrapper -->\r\n\r\n\r\n<!-- Start Job Filters\r\n================================================== -->\r\n<div class=\"sjb-filters sjb-filters-v2\">\r\n        <form class=\"filters-form\" action=\"https:\/\/jobs.bimtobap.com\/pl\/\" method=\"get\" data-trp-original-action=\"https:\/\/jobs.bimtobap.com\/pl\/\">\r\n        <div class=\"row\">\r\n            \r\n    <!-- Category Filter-->\r\n            <div class=\"sjb-search-categories col-md-3 col-xs-12\">\r\n            <div class=\"form-group\">\r\n                <select name='selected_category' id='category' class='form-control'>\n\t<option value='-1'>Kategoria<\/option>\n\t<option class=\"level-0\" value=\"it\">IT<\/option>\n\t<option class=\"level-0\" value=\"marketing\">Marketing<\/option>\n\t<option class=\"level-0\" value=\"restaurant-operations\">Pracownik restauracji<\/option>\n<\/select>\n            <\/div>\r\n        <\/div>\r\n    \r\n     \r\n\r\n    <!-- Job Type Filter -->\r\n    <div class=\"sjb-search-job-type col-md-3 col-xs-12\">\r\n        <div class=\"form-group\">\r\n            <select name='selected_jobtype' id='jobtype' class='form-control'>\n\t<option value='-1'>Typ umowy o prac\u0119<\/option>\n\t<option class=\"level-0\" value=\"freelance\">Wolny strzelec<\/option>\n\t<option class=\"level-0\" value=\"full-time\">Pe\u0142ny etat<\/option>\n\t<option class=\"level-0\" value=\"internship\">Sta\u017c<\/option>\n\t<option class=\"level-0\" value=\"part-time\">W niepe\u0142nym wymiarze godzin<\/option>\n<\/select>\n        <\/div>\r\n    <\/div>\r\n    \r\n    <!-- Job Location Filter-->\r\n    <div class=\"sjb-search-location col-md-3 col-xs-12\">\r\n        <div class=\"form-group\">\r\n            <select name='selected_location' id='location' class='form-control'>\n\t<option value='-1'>Lokalizacja<\/option>\n\t<option class=\"level-0\" value=\"krakow-hybrid\">Krak\u00f3w (hybrydowo)<\/option>\n\t<option class=\"level-0\" value=\"krakow-limanowskiego-7\">Krak\u00f3w (Limanowskiego 7)<\/option>\n<\/select>\n        <\/div>\r\n    <\/div>\r\n    <div class=\"sjb-search-button col-md-3 col-xs-12\"><input class=\"btn-search btn btn-primary\" value=\"\uf002\" type=\"submit\"><\/div>        <\/div>\r\n    <input type=\"hidden\" name=\"trp-form-language\" value=\"pl\"\/><\/form>\r\n<\/div>\r\n<!-- ==================================================\r\nEnd Job Filters -->\r\n\r\n\r\n<div class=\"sjb-listing\">\r\n        <!-- start Jobs Listing: List View -->\r\n    <div class=\"list-view\">\r\n        \r\n    \r\n<!-- Start Jobs List View \r\n================================================== -->\r\n<div class=\"list-data\">\r\n    <div class=\"v2 sjb-job-285\">\r\n\r\n        <!-- Jobs List view header -->\r\n        <header>\r\n            <div class=\"row\">\r\n                \r\n                <div class=\"col-md-12 col-sm-12\">\r\n                    <div class=\"sjb-company-wrapper-details-list\">\r\n                        <div class=\"row\">\r\n                            \r\n<!-- Start Company Logo\r\n================================================== -->\r\n<div class=\"col-md-8 col-sm-8\">\r\n    \r\n    <!-- ==================================================\r\nEnd Company Logo -->\r\n\r\n    <div class=\"sjb-without-logo\">\r\n    <div class=\"job-info job-without-company\">\r\n        <h4>\r\n            <a href=\"https:\/\/jobs.bimtobap.com\/pl\/jobs\/content-creator-designer\/\">\r\n                <span class=\"job-title\">Tw\u00f3rca tre\u015bci \/ projektant<\/span>            <\/a>\r\n        <\/h4>\r\n        <div class=\"sjb-company-details\">\r\n                    <\/div>\r\n            <\/div>\r\n<\/div>\r\n<\/div>\r\n\r\n<!-- Start apply now button\r\n================================================== -->\r\n<div class=\"col-md-4 col-sm-4 col-xs-12 sjb-apply-now-btn\">\r\n\t<p><a href=\"https:\/\/jobs.bimtobap.com\/pl\/jobs\/content-creator-designer\/\" class=\"btn btn-primary\">Aplikuj teraz<\/a><\/p><\/div>\r\n<!-- ==================================================\r\nEnd apply now button -->\r\n\r\n                        <\/div>\r\n                    <\/div>\r\n                <\/div>\r\n             \r\n                <div class=\"clearfix\"><\/div>\r\n                <div class=\"col-md-12 col-sm-12\">\r\n                    <div class=\"sjb-job-type-location-date\">\r\n                        <div class=\"row\">\r\n                        \r\n<!-- Start Job Type\r\n================================================== -->\r\n\t<div class=\"col-md-2 col-sm-4 col-xs-12\">\r\n                <div class=\"job-type\"><i class=\"fa fa-briefcase\"><\/i>freelancer, sta\u017cysta, niepe\u0142ny etat<\/div>\r\n    <\/div>\r\n \r\n<!-- ==================================================\r\nEnd Job Type -->\r\n\r\n\r\n<!-- Start Job's Location\r\n================================================== -->\r\n\t<div class=\"col-md-3 col-sm-4 col-xs-12\">\r\n                <div class=\"job-location\"><i class=\"fa  fa-map-marker\"><\/i>Krak\u00f3w (hybrydowo)<\/div>\r\n\t<\/div>\r\n<!-- ==================================================\r\nEnd Job's Location -->\r\n\r\n\r\n<!-- Start Job Posted Date\r\n================================================== -->\r\n\t<div class=\"col-md-4 col-sm-4 col-xs-12\">\r\n                <div class=\"job-date\"><i class=\"fa  fa-calendar-check\"><\/i>Opublikowano 2 lata temu<\/div>\r\n\t<\/div>\r\n<!-- ==================================================\r\nEnd Job Posted Date -->\r\n\r\n                        <\/div>\r\n                    <\/div>\r\n\r\n                <\/div>\r\n            <\/div>\r\n            \r\n        <\/header>\r\n        \r\n\r\n        \r\n    <!-- View more content start\r\n    ================================= -->\r\n    \r\n<!-- View long content start \r\n================================================== -->\r\n<div class=\"sjb_more_content\" id=\"sjb_more_content_285\">\r\n    <!-- wp:paragraph -->\n<p>Nasz zesp\u00f3\u0142 marketingowy jest odpowiedzialny za tworzenie wysokiej jako\u015bci i anga\u017cuj\u0105cych tre\u015bci dla naszej marki w r\u00f3\u017cnych kana\u0142ach i mediach.<\/p>\n<!-- \/wp:paragraph -->\n\n<!-- wp:paragraph -->\n<p><strong>Rola<\/strong><\/p>\n<!-- \/wp:paragraph -->\n\n<!-- wp:paragraph -->\n<p>Poszukujemy entuzjastycznego i wszechstronnego tw\u00f3rcy tre\u015bci \/ projektanta, kt\u00f3ry do\u0142\u0105czy do naszego zespo\u0142u marketingowego. Ta rola jest idealna dla kogo\u015b, kto naprawd\u0119 lubi tworzy\u0107 wysokiej jako\u015bci tre\u015bci multimedialne i rozwija si\u0119 w szybko zmieniaj\u0105cym si\u0119 \u015brodowisku. Jeste\u015bmy startupem!<\/p>\n<!-- \/wp:paragraph -->\n\n<!-- wp:paragraph -->\n<p><strong>Kluczowe obowi\u0105zki<\/strong><\/p>\n<!-- \/wp:paragraph -->\n\n<!-- wp:list -->\n<ul><!-- wp:list-item -->\n<li><strong>Tre\u015bci cyfrowe:<\/strong> Grafika, zdj\u0119cia, filmy i copywriting dla naszych organicznych i p\u0142atnych kana\u0142\u00f3w cyfrowych.<\/li>\n<!-- \/wp:list-item -->\n\n<!-- wp:list-item -->\n<li><strong>Wsp\u00f3\u0142praca i kampanie:<\/strong> Wsp\u00f3\u0142pracuj z innymi interesariuszami (w tym kierownictwem i zespo\u0142em restauracji) w celu tworzenia i realizacji skutecznych i terminowych kampanii.<\/li>\n<!-- \/wp:list-item -->\n\n<!-- wp:list-item -->\n<li><strong>Zawarto\u015b\u0107 offline:<\/strong> Projektuj i nadzoruj produkcj\u0119 materia\u0142\u00f3w marketingowych offline, w tym ulotek, menu, naklejek i oznakowa\u0144.<\/li>\n<!-- \/wp:list-item --><\/ul>\n<!-- \/wp:list -->\n\n<!-- wp:paragraph -->\n<p><strong>Umiej\u0119tno\u015bci i kwalifikacje<\/strong><\/p>\n<!-- \/wp:paragraph -->\n\n<!-- wp:list -->\n<ul><!-- wp:list-item -->\n<li>Dzia\u0142amy w \u015brodowisku dwuj\u0119zycznym. Musisz by\u0107 <strong>p\u0142ynny<\/strong> w j\u0119zyku polskim i angielskim.<\/li>\n<!-- \/wp:list-item -->\n\n<!-- wp:list-item -->\n<li>Dobre umiej\u0119tno\u015bci projektowania multimedi\u00f3w - w tym grafiki, zdj\u0119\u0107 i film\u00f3w. Idealnie by\u0142oby, gdyby\u015b mia\u0142 r\u00f3wnie\u017c dobre umiej\u0119tno\u015bci copywriterskie.<\/li>\n<!-- \/wp:list-item -->\n\n<!-- wp:list-item -->\n<li>Pozytywne nastawienie oraz ch\u0119\u0107 do nauki i podejmowania nowych wyzwa\u0144.<\/li>\n<!-- \/wp:list-item -->\n\n<!-- wp:list-item -->\n<li>Doskona\u0142e umiej\u0119tno\u015bci komunikacyjne i interpersonalne oraz pewno\u015b\u0107 siebie podczas wyst\u0105pie\u0144 przed kamer\u0105.<\/li>\n<!-- \/wp:list-item -->\n\n<!-- wp:list-item -->\n<li>Umiej\u0119tno\u015b\u0107 efektywnej pracy zar\u00f3wno samodzielnie, jak i w zespole.<\/li>\n<!-- \/wp:list-item --><\/ul>\n<!-- \/wp:list -->\n\n<!-- wp:paragraph -->\n<p><strong>Co oferujemy<\/strong><\/p>\n<!-- \/wp:paragraph -->\n\n<!-- wp:list -->\n<ul><!-- wp:list-item -->\n<li>Mo\u017cliwo\u015b\u0107 pracy elastycznej i w niepe\u0142nym wymiarze godzin<\/li>\n<!-- \/wp:list-item -->\n\n<!-- wp:list-item -->\n<li>Mo\u017cliwo\u015bci rozwoju zawodowego.<\/li>\n<!-- \/wp:list-item -->\n\n<!-- wp:list-item -->\n<li>Szansa na bycie cz\u0119\u015bci\u0105 rozwijaj\u0105cej si\u0119 firmy i pe\u0142nego pasji zespo\u0142u ceni\u0105cego o w jako\u015b\u0107 i dok\u0142adno\u015b\u0107.<\/li>\n<!-- \/wp:list-item --><\/ul>\n<!-- \/wp:list -->    \r\n<!-- Start Job Features\r\n================================================== -->\r\n<div class=\"job-features\">\r\n            <h3>Cechy oferty pracy<\/h3>\r\n    \r\n    <table class=\"table\">\r\n        <tbody>\r\n                            <div class='row'>\r\n                    <div class='col-md-3 col-sm-6'>\r\n                        <div class='sjb-title-value'>\r\n                            <h4><i class='fab fa-black-tie' aria-hidden='true'><\/i>Stanowisko<\/h4>\r\n                            <p>Marketing<\/p>\r\n                        <\/div>\r\n                    <\/div>\r\n                        <\/tbody>\r\n    <\/table>\r\n\r\n<\/div>\r\n<!-- ==================================================\r\nEnd Job Features -->\r\n\r\n<div class=\"clearfix\"><\/div>\r\n<\/div>\r\n\r\n<div class=\"sjb-view-less-btn\" id=\"sjb_view_less_btn_285\">\r\n    <a data-id=\"285\" class=\"sjb_view_less_btn sjb_view_more_btn\">\r\n        Zobacz mniej            \r\n    <\/a>\r\n<\/div>\r\n<!-- ==================================================\r\nView long content end  -->\r\n\r\n    <!-- View more content end\r\n    ================================= -->\r\n\r\n    <!-- Start Job Short Description \r\n    ================================================== -->\r\n    <div class=\"job-description-list\">\r\n        <div id=\"sjb_less_content_285\"><p>Nasz zesp\u00f3\u0142 marketingowy jest odpowiedzialny za tworzenie wysokiej jako\u015bci i anga\u017cuj\u0105cych tre\u015bci dla naszej marki w r\u00f3\u017cnych kana\u0142ach i mediach. Rola Poszukujemy entuzjastycznego i wszechstronnego Content C...<a data-id=\"285\" class=\"sjb_view_more_btn\">Zobacz wi\u0119cej<\/a><\/p><\/div>    <\/div>\r\n    <!-- ==================================================\r\n    End Job Short Description  -->\r\n\r\n        <\/div>\r\n<\/div>\r\n<!-- ==================================================\r\nEnd Jobs List View -->\r\n\r\n<div class=\"clearfix\"><\/div>\r\n\r\n\r\n<!-- Start Jobs List View \r\n================================================== -->\r\n<div class=\"list-data\">\r\n    <div class=\"v2 sjb-job-195\">\r\n\r\n        <!-- Jobs List view header -->\r\n        <header>\r\n            <div class=\"row\">\r\n                \r\n                <div class=\"col-md-12 col-sm-12\">\r\n                    <div class=\"sjb-company-wrapper-details-list\">\r\n                        <div class=\"row\">\r\n                            \r\n<!-- Start Company Logo\r\n================================================== -->\r\n<div class=\"col-md-8 col-sm-8\">\r\n    \r\n    <!-- ==================================================\r\nEnd Company Logo -->\r\n\r\n    <div class=\"sjb-without-logo\">\r\n    <div class=\"job-info job-without-company\">\r\n        <h4>\r\n            <a href=\"https:\/\/jobs.bimtobap.com\/pl\/jobs\/crew-member\/\">\r\n                <span class=\"job-title\">Cz\u0142onek za\u0142ogi<\/span>            <\/a>\r\n        <\/h4>\r\n        <div class=\"sjb-company-details\">\r\n                    <\/div>\r\n            <\/div>\r\n<\/div>\r\n<\/div>\r\n\r\n<!-- Start apply now button\r\n================================================== -->\r\n<div class=\"col-md-4 col-sm-4 col-xs-12 sjb-apply-now-btn\">\r\n\t<p><a href=\"https:\/\/jobs.bimtobap.com\/pl\/jobs\/crew-member\/\" class=\"btn btn-primary\">Aplikuj teraz<\/a><\/p><\/div>\r\n<!-- ==================================================\r\nEnd apply now button -->\r\n\r\n                        <\/div>\r\n                    <\/div>\r\n                <\/div>\r\n             \r\n                <div class=\"clearfix\"><\/div>\r\n                <div class=\"col-md-12 col-sm-12\">\r\n                    <div class=\"sjb-job-type-location-date\">\r\n                        <div class=\"row\">\r\n                        \r\n<!-- Start Job Type\r\n================================================== -->\r\n\t<div class=\"col-md-2 col-sm-4 col-xs-12\">\r\n                <div class=\"job-type\"><i class=\"fa fa-briefcase\"><\/i>Pe\u0142ny etat, niepe\u0142ny etat<\/div>\r\n    <\/div>\r\n \r\n<!-- ==================================================\r\nEnd Job Type -->\r\n\r\n\r\n<!-- Start Job's Location\r\n================================================== -->\r\n\t<div class=\"col-md-3 col-sm-4 col-xs-12\">\r\n                <div class=\"job-location\"><i class=\"fa  fa-map-marker\"><\/i>Krak\u00f3w (Limanowskiego 7)<\/div>\r\n\t<\/div>\r\n<!-- ==================================================\r\nEnd Job's Location -->\r\n\r\n\r\n<!-- Start Job Posted Date\r\n================================================== -->\r\n\t<div class=\"col-md-4 col-sm-4 col-xs-12\">\r\n                <div class=\"job-date\"><i class=\"fa  fa-calendar-check\"><\/i>Opublikowano 2 lata temu<\/div>\r\n\t<\/div>\r\n<!-- ==================================================\r\nEnd Job Posted Date -->\r\n\r\n                        <\/div>\r\n                    <\/div>\r\n\r\n                <\/div>\r\n            <\/div>\r\n            \r\n        <\/header>\r\n        \r\n\r\n        \r\n    <!-- View more content start\r\n    ================================= -->\r\n    \r\n<!-- View long content start \r\n================================================== -->\r\n<div class=\"sjb_more_content\" id=\"sjb_more_content_195\">\r\n    <!-- wp:paragraph -->\n<p>W BIM TO BAP jeste\u015bmy dumni z serwowania pysznego i po\u017cywnego  Bibimbapu. Nasz t\u0119tni\u0105cy \u017cyciem i dynamiczny zesp\u00f3\u0142 jest sercem naszej restauracji, tworz\u0105c niezapomniane wra\u017cenia kulinarne dla ka\u017cdego klienta, kt\u00f3ry przekracza nasze progi.<\/p>\n<!-- \/wp:paragraph -->\n\n<!-- wp:paragraph -->\n<p><strong>Rola<\/strong><\/p>\n<!-- \/wp:paragraph -->\n\n<!-- wp:paragraph -->\n<p>Nieustannie poszukujemy entuzjastycznych i wszechstronnych cz\u0142onk\u00f3w za\u0142ogi, kt\u00f3rzy do\u0142\u0105cz\u0105 do naszego zespo\u0142u. Ta rola jest idealna dla kogo\u015b, kto rozwija si\u0119 w szybko zmieniaj\u0105cym si\u0119 \u015brodowisku i lubi pracowa\u0107 na r\u00f3\u017cnych stanowiskach w restauracji typu fast-casual.<\/p>\n<!-- \/wp:paragraph -->\n\n<!-- wp:paragraph -->\n<p><strong>Kluczowe obowi\u0105zki<\/strong><\/p>\n<!-- \/wp:paragraph -->\n\n<!-- wp:list -->\n<ul class=\"wp-block-list\"><!-- wp:list-item -->\n<li><strong>Obs\u0142uga klienta:<\/strong> Witanie klient\u00f3w, przyjmowanie zam\u00f3wienia i przetwarzanie p\u0142atno\u015bci z przyjaznym i \u017cyczliwym nastawieniem.<\/li>\n<!-- \/wp:list-item -->\n\n<!-- wp:list-item -->\n<li><strong>Przygotowanie \u017cywno\u015bci:<\/strong> Pomoc na  kuchni w przygotowywaniu sk\u0142adnik\u00f3w, sk\u0142adaniu Bibimbapu.<\/li>\n<!-- \/wp:list-item -->\n\n<!-- wp:list-item -->\n<li><strong>Sprz\u0105tanie:<\/strong> Utrzymywanie  czysto\u015b\u0107 i porz\u0105dku  w restauracji, przestrzegaj\u0105c standard\u00f3w bezpiecze\u0144stwa i higieny pracy.<\/li>\n<!-- \/wp:list-item -->\n\n<!-- wp:list-item -->\n<li><strong>Praca w  zespo\u0142owa:<\/strong> Wsp\u00f3\u0142praca z zespo\u0142em, aby zapewni\u0107 naszym klientom p\u0142ynn\u0105 obs\u0142ug\u0119.<\/li>\n<!-- \/wp:list-item -->\n\n<!-- wp:list-item -->\n<li><strong>Zarz\u0105dzanie zapasami:<\/strong> Pomoc w zarz\u0105dzaniu zapasami, w tym w przyjmowanie dostaw i organizowanie zapas\u00f3w.<\/li>\n<!-- \/wp:list-item --><\/ul>\n<!-- \/wp:list -->\n\n<!-- wp:paragraph -->\n<p><strong>Umiej\u0119tno\u015bci i kwalifikacje<\/strong><\/p>\n<!-- \/wp:paragraph -->\n\n<!-- wp:list -->\n<ul class=\"wp-block-list\"><!-- wp:list-item -->\n<li>Pracujemy w \u015brodowisku dwuj\u0119zycznym, minimum B1 polski i B1 angielski.<\/li>\n<!-- \/wp:list-item -->\n\n<!-- wp:list-item -->\n<li>Wcze\u015bniejsze do\u015bwiadczenie nie jest wymagane, ale do\u015bwiadczenie w hotelarstwie, gastronomii  lub obs\u0142udze klienta jest dodatkowym atutem.<\/li>\n<!-- \/wp:list-item -->\n\n<!-- wp:list-item -->\n<li>Pozytywne nastawienie oraz ch\u0119\u0107 do nauki i podejmowania nowych wyzwa\u0144.<\/li>\n<!-- \/wp:list-item -->\n\n<!-- wp:list-item -->\n<li>Doskona\u0142e umiej\u0119tno\u015bci komunikacyjne i interpersonalne.<\/li>\n<!-- \/wp:list-item -->\n\n<!-- wp:list-item -->\n<li>Umiej\u0119tno\u015b\u0107 efektywnej pracy zar\u00f3wno samodzielnie, jak i w zespole.<\/li>\n<!-- \/wp:list-item -->\n\n<!-- wp:list-item -->\n<li>Elastyczno\u015b\u0107 w pracy na r\u00f3\u017cnych stanowiskach i dostosowywanie si\u0119 do r\u00f3\u017cnych zada\u0144.<\/li>\n<!-- \/wp:list-item -->\n\n<!-- wp:list-item -->\n<li>Zaanga\u017cowanie w utrzymanie wysokich standard\u00f3w czysto\u015bci i bezpiecze\u0144stwa.<\/li>\n<!-- \/wp:list-item --><\/ul>\n<!-- \/wp:list -->\n\n<!-- wp:paragraph -->\n<p><strong>Co oferujemy<\/strong><\/p>\n<!-- \/wp:paragraph -->\n\n<!-- wp:list -->\n<ul class=\"wp-block-list\"><!-- wp:list-item -->\n<li>Elastyczny grafik i mo\u017cliwo\u015b\u0107 pracy w niepe\u0142nym wymiarze godzin<\/li>\n<!-- \/wp:list-item -->\n\n<!-- wp:list-item -->\n<li>Stawka Godzinowa  wynosi 31pln brutto (z dodatkiem 2pln dla osoby piastuj\u0105cej stanowisko Lidera Zmiany).<\/li>\n<!-- \/wp:list-item -->\n\n<!-- wp:list-item -->\n<li>Mo\u017cliwo\u015bci rozwoju zawodowego.<\/li>\n<!-- \/wp:list-item -->\n\n<!-- wp:list-item -->\n<li>Zni\u017cki pracownicze na wszystkie nasze produkty.<\/li>\n<!-- \/wp:list-item -->\n\n<!-- wp:list-item -->\n<li>Szansa na bycie cz\u0119\u015bci\u0105 rozwijaj\u0105cej si\u0119 firmy i pe\u0142nego pasji zespo\u0142u ceni\u0105cego o w jako\u015b\u0107 i dok\u0142adno\u015b\u0107.<\/li>\n<!-- \/wp:list-item --><\/ul>\n<!-- \/wp:list -->    \r\n<!-- Start Job Features\r\n================================================== -->\r\n<div class=\"job-features\">\r\n            <h3>Cechy oferty pracy<\/h3>\r\n    \r\n    <table class=\"table\">\r\n        <tbody>\r\n                            <div class='row'>\r\n                    <div class='col-md-3 col-sm-6'>\r\n                        <div class='sjb-title-value'>\r\n                            <h4><i class='fab fa-black-tie' aria-hidden='true'><\/i>Stanowisko<\/h4>\r\n                            <p>Pracownik restauracji<\/p>\r\n                        <\/div>\r\n                    <\/div>\r\n                        <\/tbody>\r\n    <\/table>\r\n\r\n<\/div>\r\n<!-- ==================================================\r\nEnd Job Features -->\r\n\r\n<div class=\"clearfix\"><\/div>\r\n<\/div>\r\n\r\n<div class=\"sjb-view-less-btn\" id=\"sjb_view_less_btn_195\">\r\n    <a data-id=\"195\" class=\"sjb_view_less_btn sjb_view_more_btn\">\r\n        Zobacz mniej            \r\n    <\/a>\r\n<\/div>\r\n<!-- ==================================================\r\nView long content end  -->\r\n\r\n    <!-- View more content end\r\n    ================================= -->\r\n\r\n    <!-- Start Job Short Description \r\n    ================================================== -->\r\n    <div class=\"job-description-list\">\r\n        <div id=\"sjb_less_content_195\"><p>W BIM TO BAP jeste\u015bmy dumni z serwowania pysznego, \u015bwie\u017cego Bibimbap. Nasz t\u0119tni\u0105cy \u017cyciem i dynamiczny zesp\u00f3\u0142 jest sercem naszej restauracji, tworz\u0105c niezapomniane doznania kulinarne dla ka\u017cdego klienta, kt\u00f3ry ...<a data-id=\"195\" class=\"sjb_view_more_btn\">Zobacz wi\u0119cej<\/a><\/p><\/div>    <\/div>\r\n    <!-- ==================================================\r\n    End Job Short Description  -->\r\n\r\n        <\/div>\r\n<\/div>\r\n<!-- ==================================================\r\nEnd Jobs List View -->\r\n\r\n<div class=\"clearfix\"><\/div>\r\n\r\n\r\n    <\/div> <!-- end Jobs Listing: List View -->\r\n<\/div>\r\n<!-- End: Jobs Listing -->\r\n\r\n<div class=\"clearfix\"><\/div>\r\n<\/div>\r\n<!-- End: Jobs Listing Wrapper -->","protected":false},"excerpt":{"rendered":"","protected":false},"author":1,"featured_media":0,"parent":0,"menu_order":0,"comment_status":"closed","ping_status":"closed","template":"","meta":{"footnotes":""},"class_list":["post-14","page","type-page","status-publish","hentry"],"_links":{"self":[{"href":"https:\/\/jobs.bimtobap.com\/pl\/wp-json\/wp\/v2\/pages\/14","targetHints":{"allow":["GET"]}}],"collection":[{"href":"https:\/\/jobs.bimtobap.com\/pl\/wp-json\/wp\/v2\/pages"}],"about":[{"href":"https:\/\/jobs.bimtobap.com\/pl\/wp-json\/wp\/v2\/types\/page"}],"author":[{"embeddable":true,"href":"https:\/\/jobs.bimtobap.com\/pl\/wp-json\/wp\/v2\/users\/1"}],"replies":[{"embeddable":true,"href":"https:\/\/jobs.bimtobap.com\/pl\/wp-json\/wp\/v2\/comments?post=14"}],"version-history":[{"count":11,"href":"https:\/\/jobs.bimtobap.com\/pl\/wp-json\/wp\/v2\/pages\/14\/revisions"}],"predecessor-version":[{"id":107,"href":"https:\/\/jobs.bimtobap.com\/pl\/wp-json\/wp\/v2\/pages\/14\/revisions\/107"}],"wp:attachment":[{"href":"https:\/\/jobs.bimtobap.com\/pl\/wp-json\/wp\/v2\/media?parent=14"}],"curies":[{"name":"wp","href":"https:\/\/api.w.org\/{rel}","templated":true}]}}