{"id":163,"date":"2024-02-26T19:52:45","date_gmt":"2024-02-26T18:52:45","guid":{"rendered":"https:\/\/wordpress-dn2yt-u10822.vm.elestio.app\/?page_id=163"},"modified":"2024-04-05T16:35:16","modified_gmt":"2024-04-05T14:35:16","slug":"skills","status":"publish","type":"page","link":"https:\/\/jobs.bimtobap.com\/pl\/skills\/","title":{"rendered":"Umiej\u0119tno\u015bci, kt\u00f3rych szukamy"},"content":{"rendered":"<p>Wa\u017cne jest, aby wiedzie\u0107, jak b\u0119dziesz oceniany w naszym procesie rekrutacji.<\/p>\n\n\n\n<h2 class=\"wp-block-heading\">Ramy umiej\u0119tno\u015bci BIM TO BAP<\/h2>\n\n\n\n<p>Ka\u017cdy cz\u0142onek naszego zespo\u0142u musi wykazywa\u0107 si\u0119 umiej\u0119tno\u015bciami i zachowaniami niezb\u0119dnymi do osi\u0105gni\u0119cia sukcesu biznesowego. Ma to kluczowe znaczenie nie tylko dla naszych wewn\u0119trznych operacji, ale tak\u017ce dla warto\u015bci i us\u0142ug, kt\u00f3re zapewniamy naszym klientom.<\/p>\n\n\n\n<p>Ramy umiej\u0119tno\u015bci BIM TO BAP sk\u0142adaj\u0105 si\u0119 z nast\u0119puj\u0105cych 4 podstawowych umiej\u0119tno\u015bci<\/p>\n\n\n\n<div class=\"wp-block-aab-group-accordion aagb_accordion_175a0466-4bd5-43de-942f-72b2d3bc6917\">\n<div class=\"wp-block-aab-accordion-item aagb__accordion_container\" style=\"border:0px none undefined;margin-top:20px;margin-bottom:0px;border-radius:15px\"><div class=\"aagb__accordion_head aagb_right_icon\" data-active=\"false\" style=\"color:#ffffff;background-color:#b90417;padding:8px 15px 8px 15px\"><div class=\"aagb__accordion_heading aagb_right_icon\"><h4 class=\"aagb__accordion_title\" style=\"margin:0;color:#ffffff\">D\u0105\u017cenie do doskona\u0142o\u015bci<\/h4><\/div><div class=\"aagb__accordion_icon\" style=\"color:#b90417;background-color:#ffffff\"><span class=\"aagb__icon dashicons dashicons-plus-alt\"><\/span><\/div><\/div><div class=\"aagb__accordion_body\" role=\"region\" style=\"background-color:#ffffff;border-top:0px none undefined;padding:8px 15px 8px 15px\">\n<p id=\"block-e1f7fc4e-4384-4169-8a00-ada98300a66c\"><strong>Kompetencje<\/strong><\/p>\n\n\n\n<p id=\"block-c1a8574c-eafd-4eb7-9dbe-3e0d77660f4a\">Jeste\u015bmy dobrzy w tym, co robimy. Jest to fundamentalne oczekiwanie. Oczekuje si\u0119, \u017ce ka\u017cdy cz\u0142onek zespo\u0142u b\u0119dzie posiada\u0142 umiej\u0119tno\u015bci i wiedz\u0119 niezb\u0119dne na zajmowanym stanowisku, umo\u017cliwiaj\u0105ce mu niezale\u017cne i skuteczne dzia\u0142anie.<\/p>\n\n\n\n<p><strong>Zorientowanie na klienta<\/strong><\/p>\n\n\n\n<p>Skupiamy si\u0119 nie tylko na zadowoleniu naszych klient\u00f3w; naszym celem jest ich zachwycenie. Ka\u017cde zadanie, ma\u0142e czy du\u017ce, wykonujemy z najwy\u017csz\u0105 staranno\u015bci\u0105 i najwy\u017csz\u0105 jako\u015bci\u0105, zawsze na czas.<\/p>\n\n\n\n<p><strong>Zdolno\u015b\u0107 adaptacji i elastyczno\u015b\u0107<\/strong><\/p>\n\n\n\n<p>Zmiany nas nie odstraszaj\u0105 - one nas nap\u0119dzaj\u0105. Podejmujemy skalkulowane ryzyko, jeste\u015bmy biegli w dostosowywaniu si\u0119 do nowych sytuacji, stawiamy czo\u0142a nieoczekiwanym wyzwaniom i pozostajemy elastyczni, aby w razie potrzeby zmienia\u0107 strategie, jednocze\u015bnie koncentruj\u0105c si\u0119 na doskona\u0142o\u015bci.<\/p>\n<\/div><\/div>\n\n\n\n<div class=\"wp-block-aab-accordion-item aagb__accordion_container\" style=\"border:0px none undefined;margin-top:20px;margin-bottom:0px;border-radius:15px\"><div class=\"aagb__accordion_head aagb_right_icon\" data-active=\"false\" style=\"color:#ffffff;background-color:#b90417;padding:8px 15px 8px 15px\"><div class=\"aagb__accordion_heading aagb_right_icon\"><h4 class=\"aagb__accordion_title\" style=\"margin:0;color:#ffffff\">Pasja i nauka<\/h4><\/div><div class=\"aagb__accordion_icon\" style=\"color:#b90417;background-color:#ffffff\"><span class=\"aagb__icon dashicons dashicons-plus-alt\"><\/span><\/div><\/div><div class=\"aagb__accordion_body\" role=\"region\" style=\"background-color:#ffffff;border-top:0px none undefined;padding:8px 15px 8px 15px\">\n<p><strong>Prawdziwa pasja<\/strong><\/p>\n\n\n\n<p>Kochamy to, co robimy na naszych w\u0142asnych stanowiskach, a tak\u017ce wierzymy i wspieramy wizj\u0119 firmy, aby szerzy\u0107 nasz\u0105 mi\u0142o\u015b\u0107 do autentycznych azjatyckich smak\u00f3w.<\/p>\n\n\n\n<p><strong>Nastawienie na ci\u0105g\u0142e uczenie si\u0119<\/strong><\/p>\n\n\n\n<p>Przyjmujemy kultur\u0119 ci\u0105g\u0142ego uczenia si\u0119 i doskonalenia. Strefy komfortu nie s\u0105 nasz\u0105 domen\u0105. Zale\u017cy nam na ci\u0105g\u0142ym rozwijaniu umiej\u0119tno\u015bci i umys\u0142u.<\/p>\n<\/div><\/div>\n\n\n\n<div class=\"wp-block-aab-accordion-item aagb__accordion_container\" style=\"border:0px none undefined;margin-top:20px;margin-bottom:0px;border-radius:15px\"><div class=\"aagb__accordion_head aagb_right_icon\" data-active=\"false\" style=\"color:#ffffff;background-color:#b90417;padding:8px 15px 8px 15px\"><div class=\"aagb__accordion_heading aagb_right_icon\"><h4 class=\"aagb__accordion_title\" style=\"margin:0;color:#ffffff\">Komunikacja<\/h4><\/div><div class=\"aagb__accordion_icon\" style=\"color:#b90417;background-color:#ffffff\"><span class=\"aagb__icon dashicons dashicons-plus-alt\"><\/span><\/div><\/div><div class=\"aagb__accordion_body\" role=\"region\" style=\"background-color:#ffffff;border-top:0px none undefined;padding:8px 15px 8px 15px\">\n<p><strong>Aktywne s\u0142uchanie<\/strong><\/p>\n\n\n\n<p>Doskonale rozumiemy i dostosowujemy si\u0119 do r\u00f3\u017cnych sytuacji, zapewniaj\u0105c, \u017ce nasza komunikacja buduje empati\u0119 i relacje.<\/p>\n\n\n\n<p><strong>Jasna i wyra\u017ana komunikacja<\/strong><\/p>\n\n\n\n<p>Skuteczna komunikacja ma kluczowe znaczenie dla przedstawiania pomys\u0142\u00f3w, koncepcji lub argument\u00f3w w jasny i przekonuj\u0105cy spos\u00f3b.<\/p>\n<\/div><\/div>\n\n\n\n<div class=\"wp-block-aab-accordion-item aagb__accordion_container\" style=\"border:0px none undefined;margin-top:20px;margin-bottom:0px;border-radius:15px\"><div class=\"aagb__accordion_head aagb_right_icon\" data-active=\"false\" style=\"color:#ffffff;background-color:#b90417;padding:8px 15px 8px 15px\"><div class=\"aagb__accordion_heading aagb_right_icon\"><h4 class=\"aagb__accordion_title\" style=\"margin:0;color:#ffffff\">Przyw\u00f3dztwo<\/h4><\/div><div class=\"aagb__accordion_icon\" style=\"color:#b90417;background-color:#ffffff\"><span class=\"aagb__icon dashicons dashicons-plus-alt\"><\/span><\/div><\/div><div class=\"aagb__accordion_body\" role=\"region\" style=\"background-color:#ffffff;border-top:0px none undefined;padding:8px 15px 8px 15px\">\n<p><strong>Podejmowanie inicjatywy<\/strong><\/p>\n\n\n\n<p>Wszyscy jeste\u015bmy liderami. Jeste\u015bmy proaktywni - widzimy, co nale\u017cy zrobi\u0107 i robimy to bez proszenia, przewidujemy wyzwania i proponujemy rozwi\u0105zania. Nie tylko si\u0119 nie boimy, ale ch\u0119tnie robimy pierwszy krok, przejmujemy kontrol\u0119 nad sytuacjami i inspirujemy innych naszymi dzia\u0142aniami.<\/p>\n\n\n\n<p><strong>Etyczne przyw\u00f3dztwo<\/strong><\/p>\n\n\n\n<p>Uczciwo\u015b\u0107 nie podlega negocjacjom. Dajemy przyk\u0142ad, buduj\u0105c zaufanie i wiarygodno\u015b\u0107 zar\u00f3wno w\u015br\u00f3d naszego zespo\u0142u, jak i klient\u00f3w, a tak\u017ce zobowi\u0105zujemy si\u0119 do uczciwych, konstruktywnych informacji zwrotnych w celu wsp\u00f3lnego doskonalenia.<\/p>\n<\/div><\/div>\n<\/div>","protected":false},"excerpt":{"rendered":"<p>It is important to know how you&#8217;ll be evaluated in our hiring process. The BIM TO BAP Skills Framework Everyone on our team must exhibit the skills and behaviours essential for delivering business success. This is vital not only for our internal operations but also for the value and service that we provide to our [&hellip;]<\/p>\n","protected":false},"author":1,"featured_media":0,"parent":0,"menu_order":0,"comment_status":"closed","ping_status":"closed","template":"","meta":{"footnotes":""},"class_list":["post-163","page","type-page","status-publish","hentry"],"_links":{"self":[{"href":"https:\/\/jobs.bimtobap.com\/pl\/wp-json\/wp\/v2\/pages\/163","targetHints":{"allow":["GET"]}}],"collection":[{"href":"https:\/\/jobs.bimtobap.com\/pl\/wp-json\/wp\/v2\/pages"}],"about":[{"href":"https:\/\/jobs.bimtobap.com\/pl\/wp-json\/wp\/v2\/types\/page"}],"author":[{"embeddable":true,"href":"https:\/\/jobs.bimtobap.com\/pl\/wp-json\/wp\/v2\/users\/1"}],"replies":[{"embeddable":true,"href":"https:\/\/jobs.bimtobap.com\/pl\/wp-json\/wp\/v2\/comments?post=163"}],"version-history":[{"count":11,"href":"https:\/\/jobs.bimtobap.com\/pl\/wp-json\/wp\/v2\/pages\/163\/revisions"}],"predecessor-version":[{"id":252,"href":"https:\/\/jobs.bimtobap.com\/pl\/wp-json\/wp\/v2\/pages\/163\/revisions\/252"}],"wp:attachment":[{"href":"https:\/\/jobs.bimtobap.com\/pl\/wp-json\/wp\/v2\/media?parent=163"}],"curies":[{"name":"wp","href":"https:\/\/api.w.org\/{rel}","templated":true}]}}