{"id":193,"date":"2024-02-26T20:38:47","date_gmt":"2024-02-26T19:38:47","guid":{"rendered":"https:\/\/wordpress-dn2yt-u10822.vm.elestio.app\/?page_id=193"},"modified":"2024-02-26T21:40:27","modified_gmt":"2024-02-26T20:40:27","slug":"team","status":"publish","type":"page","link":"https:\/\/jobs.bimtobap.com\/pl\/team\/","title":{"rendered":"Zesp\u00f3\u0142 BIM TO BAP"},"content":{"rendered":"<p>Nie jeste\u015bmy tylko grup\u0105 pracuj\u0105cych razem os\u00f3b - jeste\u015bmy t\u0119tni\u0105c\u0105 \u017cyciem spo\u0142eczno\u015bci\u0105, zjednoczon\u0105 wsp\u00f3ln\u0105 pasj\u0105 i zaanga\u017cowaniem w d\u0105\u017cenie do doskona\u0142o\u015bci. Nasza kultura charakteryzuje si\u0119 wsp\u00f3\u0142prac\u0105, innowacyjno\u015bci\u0105 i nieustannym d\u0105\u017ceniem do doskona\u0142o\u015bci.<\/p>\n\n\n\n<p><strong>Nasz zesp\u00f3\u0142: Mozaika talent\u00f3w i po\u015bwi\u0119cenia<\/strong><\/p>\n\n\n\n<p>Wierzymy, \u017ce ka\u017cdy cz\u0142onek zespo\u0142u jest unikalnym elementem wi\u0119kszej mozaiki, wnosz\u0105cym w\u0142asne umiej\u0119tno\u015bci, do\u015bwiadczenia i perspektywy. Nasz zesp\u00f3\u0142 jest zr\u00f3\u017cnicowany, inkluzywny i pe\u0142en \u017cycia. Rozwijamy si\u0119 dzi\u0119ki energii p\u0142yn\u0105cej z pracy z lud\u017ami, kt\u00f3rzy s\u0105 nie tylko wsp\u00f3\u0142pracownikami, ale tak\u017ce przyjaci\u00f3\u0142mi i mentorami. Jeste\u015bmy profesjonalistami, tw\u00f3rcami, my\u015blicielami i wykonawcami, kt\u00f3rych \u0142\u0105czy wsp\u00f3lny cel: dostarczanie wyj\u0105tkowych do\u015bwiadcze\u0144 naszym klientom.<\/p>\n\n\n\n<p><strong>Kultura zakorzeniona w ci\u0105g\u0142ym rozwoju i doskona\u0142o\u015bci<\/strong><\/p>\n\n\n\n<p>Nasza kultura opiera si\u0119 na filarach ci\u0105g\u0142ego uczenia si\u0119 i d\u0105\u017cenia do doskona\u0142o\u015bci. Wspieramy \u015brodowisko, w kt\u00f3rym zach\u0119ca si\u0119 do zadawania pyta\u0144, innowacje s\u0105 norm\u0105, a samozadowolenie nie ma miejsca. Naszym celem jest nie tylko spe\u0142nianie, ale i przekraczanie oczekiwa\u0144 naszych klient\u00f3w i nas samych. To zobowi\u0105zanie jest widoczne w jako\u015bci naszej pracy, naszym podej\u015bciu zorientowanym na klienta oraz naszej zdolno\u015bci do adaptacji i rozwoju w obliczu wyzwa\u0144.<\/p>\n\n\n\n<p><strong>Komunikacja i przyw\u00f3dztwo: Nici, kt\u00f3re nas \u0142\u0105cz\u0105<\/strong><\/p>\n\n\n\n<p>Otwarta i szczera komunikacja to ni\u0107, kt\u00f3ra nas \u0142\u0105czy. Wierzymy w przejrzysto\u015b\u0107, aktywne s\u0142uchanie i wyra\u017ane wyra\u017canie opinii, zapewniaj\u0105c, \u017ce wszyscy s\u0105 s\u0142yszani i rozumiani. Przyw\u00f3dztwo w BIM TO BAP polega na inicjatywie i odpowiedzialno\u015bci etycznej. Ka\u017cdy cz\u0142onek zespo\u0142u jest liderem na w\u0142asnych prawach, upowa\u017cnionym do przej\u0119cia odpowiedzialno\u015bci, inspirowania innych i przestrzegania naszych wysokich standard\u00f3w etycznych.<\/p>\n\n\n\n<p><strong>Do\u0142\u0105cz do nas i b\u0105d\u017a cz\u0119\u015bci\u0105 czego\u015b wyj\u0105tkowego<\/strong><\/p>\n\n\n\n<p>W BIM TO BAP nie tylko oferujemy prac\u0119; zapraszamy Ci\u0119 do bycia cz\u0119\u015bci\u0105 podr\u00f3\u017cy. Podr\u00f3\u017cy, w kt\u00f3rej Twoja praca ma realny wp\u0142yw, w kt\u00f3rej Tw\u00f3j rozw\u00f3j jest wspierany, a Tw\u00f3j wk\u0142ad jest doceniany. Szukamy pe\u0142nych pasji, zaanga\u017cowanych os\u00f3b, kt\u00f3re chc\u0105 wprowadza\u0107 zmiany i zmienia\u0107 \u015bwiat na lepsze.<\/p>\n\n\n\n<p>Je\u015bli odpowiadasz naszej kulturze i warto\u015bciom, z przyjemno\u015bci\u0105 powitamy Ci\u0119 w naszym zespole. Zapoznaj si\u0119 z aktualnymi ofertami pracy i znajd\u017a swoje miejsce w naszym dynamicznym, wspieraj\u0105cym i my\u015bl\u0105cym przysz\u0142o\u015bciowo zespole.<\/p>","protected":false},"excerpt":{"rendered":"<p>We aren&#8217;t just a group of individuals working together \u2014 we&#8217;re a vibrant community, united by a shared passion and commitment to excellence. Our culture is characterised by collaboration, innovation, and a relentless pursuit of excellence. Our Team: A Mosaic of Talent and Dedication We believe that each team member is a unique piece of [&hellip;]<\/p>\n","protected":false},"author":1,"featured_media":0,"parent":0,"menu_order":0,"comment_status":"closed","ping_status":"closed","template":"","meta":{"footnotes":""},"class_list":["post-193","page","type-page","status-publish","hentry"],"_links":{"self":[{"href":"https:\/\/jobs.bimtobap.com\/pl\/wp-json\/wp\/v2\/pages\/193","targetHints":{"allow":["GET"]}}],"collection":[{"href":"https:\/\/jobs.bimtobap.com\/pl\/wp-json\/wp\/v2\/pages"}],"about":[{"href":"https:\/\/jobs.bimtobap.com\/pl\/wp-json\/wp\/v2\/types\/page"}],"author":[{"embeddable":true,"href":"https:\/\/jobs.bimtobap.com\/pl\/wp-json\/wp\/v2\/users\/1"}],"replies":[{"embeddable":true,"href":"https:\/\/jobs.bimtobap.com\/pl\/wp-json\/wp\/v2\/comments?post=193"}],"version-history":[{"count":1,"href":"https:\/\/jobs.bimtobap.com\/pl\/wp-json\/wp\/v2\/pages\/193\/revisions"}],"predecessor-version":[{"id":194,"href":"https:\/\/jobs.bimtobap.com\/pl\/wp-json\/wp\/v2\/pages\/193\/revisions\/194"}],"wp:attachment":[{"href":"https:\/\/jobs.bimtobap.com\/pl\/wp-json\/wp\/v2\/media?parent=193"}],"curies":[{"name":"wp","href":"https:\/\/api.w.org\/{rel}","templated":true}]}}